{"id":64,"date":"2025-07-31T21:30:48","date_gmt":"2025-07-31T21:30:48","guid":{"rendered":"https:\/\/falc.edu.br\/?page_id=64"},"modified":"2026-04-22T17:43:52","modified_gmt":"2026-04-22T17:43:52","slug":"diario_oficial","status":"publish","type":"page","link":"https:\/\/falc.edu.br\/index.php\/sample-page\/diario_oficial\/","title":{"rendered":"Publica\u00e7\u00f5es Di\u00e1rio Oficial"},"content":{"rendered":"\n<p><a href=\"https:\/\/falc.edu.br\/wp-content\/uploads\/2025\/07\/Publicacao-do-Diario-Oficial-da-FALC-2022-e-2023.pdf\" target=\"_blank\" rel=\"noopener\" title=\"\">Publica\u00e7\u00e3o do ano de 2022 e 2023<\/a><\/p>\n\n\n\n<p><a href=\"https:\/\/falc.edu.br\/wp-content\/uploads\/2025\/07\/Alunos-diplomados-FALC-24-e-25.pdf\" target=\"_blank\" rel=\"noopener\" title=\"\">Publica\u00e7\u00e3o dos anos de 2024 e 2025<\/a><\/p>\n\n\n\n<p><a href=\"https:\/\/falc.edu.br\/wp-content\/uploads\/2025\/08\/Publicacao-FALC-de-Agosto-de-2025.pdf\" target=\"_blank\" rel=\"noopener\" title=\"Publica\u00e7\u00e3o de agosto de 2025\">Publica\u00e7\u00e3o de agosto de 2025<\/a><\/p>\n\n\n\n<p><a href=\"https:\/\/falc.edu.br\/wp-content\/uploads\/2025\/10\/Publicacao-do-Diario-Oficial-da-FALC-11-09-2025-1.pdf\" target=\"_blank\" rel=\"noopener\" title=\"\">Publica\u00e7\u00e3o de setembro de 2025<\/a><\/p>\n\n\n\n<p><a href=\"https:\/\/falc.edu.br\/wp-content\/uploads\/2025\/09\/AVISO-REGISTRO-DE-DIPLOMAS-AVISO-REGISTRO-DE-DIPLOMAS-DOU-Imprensa-Nacional.pdf\" target=\"_blank\" rel=\"noopener\" title=\"\">Publica\u00e7\u00e3o de setembro de 2025 &#8211; 2<\/a><\/p>\n\n\n\n<p><a href=\"https:\/\/falc.edu.br\/wp-content\/uploads\/2025\/10\/AVISO-FALC-02-10-2025-DOU-.pdf\" target=\"_blank\" rel=\"noopener\" title=\"\">Publica\u00e7\u00e3o de outubro de 2025<\/a><\/p>\n\n\n\n<p><a href=\"https:\/\/falc.edu.br\/wp-content\/uploads\/2025\/10\/AVISO-de-REGISTRO-DE-DIPLOMAS-AVISO-de-REGISTRO-DE-DIPLOMAS-DOU-21-10-2025.pdf\" target=\"_blank\" rel=\"noopener\" title=\"\">Publica\u00e7\u00e3o de outubro de 2025 &#8211; 2<\/a><\/p>\n\n\n\n<p><a href=\"https:\/\/falc.edu.br\/wp-content\/uploads\/2025\/12\/Estou-compartilhando-o-arquivo-Publicacao-DOU-de-04-12-2025-com-voce.pdf\" target=\"_blank\" rel=\"noopener\" title=\"\">Publica\u00e7\u00e3o de dezembro de 2025<\/a><\/p>\n\n\n\n<p><a href=\"https:\/\/falc.edu.br\/wp-content\/uploads\/2026\/03\/Publicacao-DOU-de-12-02-2026-FALC.pdf\" target=\"_blank\" rel=\"noopener\" title=\"\">Publica\u00e7\u00e3o de fevereiro de 202<\/a>6<\/p>\n\n\n\n<p><a href=\"https:\/\/falc.edu.br\/wp-content\/uploads\/2026\/04\/Publicacao-do-dia-16-04-2026.pdf\" target=\"_blank\" rel=\"noopener\" title=\"\">Publica\u00e7\u00e3o de abril de 2026<\/a><\/p>\n","protected":false},"excerpt":{"rendered":"<p>Publica\u00e7\u00e3o do ano de 2022 e 2023 Publica\u00e7\u00e3o dos anos de 2024 e 2025 Publica\u00e7\u00e3o de agosto de 2025 Publica\u00e7\u00e3o de setembro de 2025 Publica\u00e7\u00e3o de setembro de 2025 &#8211; 2 Publica\u00e7\u00e3o de outubro de 2025 Publica\u00e7\u00e3o de outubro de 2025 &#8211; 2 Publica\u00e7\u00e3o de dezembro de 2025 Publica\u00e7\u00e3o de fevereiro de 2026 Publica\u00e7\u00e3o de<a class=\"more-link\" href=\"https:\/\/falc.edu.br\/index.php\/sample-page\/diario_oficial\/\">Continue reading <span class=\"screen-reader-text\">&#8220;Publica\u00e7\u00f5es Di\u00e1rio Oficial&#8221;<\/span><\/a><\/p>\n","protected":false},"author":1,"featured_media":0,"parent":2,"menu_order":0,"comment_status":"closed","ping_status":"closed","template":"","meta":{"om_disable_all_campaigns":false,"_mi_skip_tracking":false},"aioseo_notices":[],"_links":{"self":[{"href":"https:\/\/falc.edu.br\/index.php\/wp-json\/wp\/v2\/pages\/64"}],"collection":[{"href":"https:\/\/falc.edu.br\/index.php\/wp-json\/wp\/v2\/pages"}],"about":[{"href":"https:\/\/falc.edu.br\/index.php\/wp-json\/wp\/v2\/types\/page"}],"author":[{"embeddable":true,"href":"https:\/\/falc.edu.br\/index.php\/wp-json\/wp\/v2\/users\/1"}],"replies":[{"embeddable":true,"href":"https:\/\/falc.edu.br\/index.php\/wp-json\/wp\/v2\/comments?post=64"}],"version-history":[{"count":12,"href":"https:\/\/falc.edu.br\/index.php\/wp-json\/wp\/v2\/pages\/64\/revisions"}],"predecessor-version":[{"id":92,"href":"https:\/\/falc.edu.br\/index.php\/wp-json\/wp\/v2\/pages\/64\/revisions\/92"}],"up":[{"embeddable":true,"href":"https:\/\/falc.edu.br\/index.php\/wp-json\/wp\/v2\/pages\/2"}],"wp:attachment":[{"href":"https:\/\/falc.edu.br\/index.php\/wp-json\/wp\/v2\/media?parent=64"}],"curies":[{"name":"wp","href":"https:\/\/api.w.org\/{rel}","templated":true}]}}